{"id":1548,"date":"2024-01-01T08:08:00","date_gmt":"2024-01-01T13:08:00","guid":{"rendered":"https:\/\/gloriososancarlos.edu.pe\/web\/?page_id=1548"},"modified":"2025-04-09T11:26:13","modified_gmt":"2025-04-09T16:26:13","slug":"transparencia-economica","status":"publish","type":"page","link":"https:\/\/gloriososancarlos.edu.pe\/web\/transparencia-economica\/","title":{"rendered":"TRANSPARENCIA ECON\u00d3MICA"},"content":{"rendered":"\n<p><strong>Informe Econ\u00f3mico del Periodo: <\/strong>2024<\/p>\n\n\n<a href=\"https:\/\/gloriososancarlos.edu.pe\/web\/wp-content\/uploads\/2025\/04\/INFORME-ECONOMICO-2024-FINAL_compressed-1.pdf\" class=\"pdfemb-viewer\" style=\"\" data-width=\"max\" data-height=\"max\" data-toolbar=\"top\" data-toolbar-fixed=\"on\">INFORME-ECONOMICO-2024-FINAL_compressed-1<\/a>\n\n\n<p><strong>Informe Econ\u00f3mico del Periodo: <\/strong>2020<\/p>\n\n\n<a href=\"https:\/\/gloriososancarlos.edu.pe\/web\/wp-content\/uploads\/2024\/04\/2020.pdf\" class=\"pdfemb-viewer\" style=\"\" data-width=\"max\" data-height=\"max\" data-toolbar=\"top\" data-toolbar-fixed=\"on\">2020<\/a>\n\n\n<p><br><strong>Informe Econ\u00f3mico del Periodo: <\/strong>2019<\/p>\n\n\n<a href=\"https:\/\/gloriososancarlos.edu.pe\/web\/wp-content\/uploads\/2024\/04\/2019.pdf\" class=\"pdfemb-viewer\" style=\"\" data-width=\"max\" data-height=\"max\" data-toolbar=\"top\" data-toolbar-fixed=\"on\">2019<\/a>\n\n\n<p><br><strong>Informe Econ\u00f3mico del Periodo: <\/strong>2018<\/p>\n\n\n<a href=\"https:\/\/gloriososancarlos.edu.pe\/web\/wp-content\/uploads\/2024\/04\/2018.pdf\" class=\"pdfemb-viewer\" style=\"\" data-width=\"max\" data-height=\"max\" data-toolbar=\"top\" data-toolbar-fixed=\"on\">2018<\/a>\n\n\n<p><br><strong>Informe Econ\u00f3mico del Periodo: <\/strong>2017<\/p>\n\n\n<a href=\"https:\/\/gloriososancarlos.edu.pe\/web\/wp-content\/uploads\/2024\/04\/2017.pdf\" class=\"pdfemb-viewer\" style=\"\" data-width=\"max\" data-height=\"max\" data-toolbar=\"top\" data-toolbar-fixed=\"on\">2017<\/a>","protected":false},"excerpt":{"rendered":"<p>Informe Econ\u00f3mico del Periodo: 2024 INFORME-ECONOMICO-2024-FINAL_compressed-1 Informe Econ\u00f3mico del Periodo: 2020 2020 Informe Econ\u00f3mico del Periodo: 2019 2019 Informe Econ\u00f3mico del Periodo: 2018 2018 Informe Econ\u00f3mico del Periodo: 2017 2017<\/p>\n","protected":false},"author":1,"featured_media":0,"parent":0,"menu_order":0,"comment_status":"closed","ping_status":"closed","template":"","meta":{"footnotes":""},"yoast_head":"<!-- This site is optimized with the Yoast SEO plugin v24.1 - https:\/\/yoast.com\/wordpress\/plugins\/seo\/ -->\n<title>TRANSPARENCIA ECON\u00d3MICA - Instituci\u00f3n Educativa Integrada Glorioso de &quot;San Carlos&quot; - Puno<\/title>\n<meta name=\"robots\" content=\"index, follow, max-snippet:-1, max-image-preview:large, max-video-preview:-1\" \/>\n<link rel=\"canonical\" href=\"https:\/\/gloriososancarlos.edu.pe\/web\/transparencia-economica\/\" \/>\n<meta property=\"og:locale\" content=\"es_ES\" \/>\n<meta property=\"og:type\" content=\"article\" \/>\n<meta property=\"og:title\" content=\"TRANSPARENCIA ECON\u00d3MICA - Instituci\u00f3n Educativa Integrada Glorioso de &quot;San Carlos&quot; - Puno\" \/>\n<meta property=\"og:description\" content=\"Informe Econ\u00f3mico del Periodo: 2024 INFORME-ECONOMICO-2024-FINAL_compressed-1 Informe Econ\u00f3mico del Periodo: 2020 2020 Informe Econ\u00f3mico del Periodo: 2019 2019 Informe Econ\u00f3mico del Periodo: 2018 2018 Informe Econ\u00f3mico del Periodo: 2017 2017\" \/>\n<meta property=\"og:url\" content=\"https:\/\/gloriososancarlos.edu.pe\/web\/transparencia-economica\/\" \/>\n<meta property=\"og:site_name\" content=\"Instituci\u00f3n Educativa Integrada Glorioso de &quot;San Carlos&quot; - Puno\" \/>\n<meta property=\"article:publisher\" content=\"https:\/\/www.facebook.com\/387193274484203\" \/>\n<meta property=\"article:modified_time\" content=\"2025-04-09T16:26:13+00:00\" \/>\n<meta property=\"og:image\" content=\"https:\/\/gloriososancarlos.edu.pe\/web\/wp-content\/uploads\/2025\/08\/Recuperada_PORTADA_BICENTENARIO-2.png\" \/>\n\t<meta property=\"og:image:width\" content=\"3544\" \/>\n\t<meta property=\"og:image:height\" content=\"1312\" \/>\n\t<meta property=\"og:image:type\" content=\"image\/png\" \/>\n<meta name=\"twitter:card\" content=\"summary_large_image\" \/>\n<meta name=\"twitter:site\" content=\"@gloriososc_1825\" \/>\n<meta name=\"twitter:label1\" content=\"Est. reading time\" \/>\n\t<meta name=\"twitter:data1\" content=\"1 minuto\" \/>\n<script type=\"application\/ld+json\" class=\"yoast-schema-graph\">{\"@context\":\"https:\/\/schema.org\",\"@graph\":[{\"@type\":\"WebPage\",\"@id\":\"https:\/\/gloriososancarlos.edu.pe\/web\/transparencia-economica\/\",\"url\":\"https:\/\/gloriososancarlos.edu.pe\/web\/transparencia-economica\/\",\"name\":\"TRANSPARENCIA ECON\u00d3MICA - Instituci\u00f3n Educativa Integrada Glorioso de &quot;San Carlos&quot; - Puno\",\"isPartOf\":{\"@id\":\"https:\/\/gloriososancarlos.edu.pe\/web\/#website\"},\"datePublished\":\"2024-01-01T13:08:00+00:00\",\"dateModified\":\"2025-04-09T16:26:13+00:00\",\"breadcrumb\":{\"@id\":\"https:\/\/gloriososancarlos.edu.pe\/web\/transparencia-economica\/#breadcrumb\"},\"inLanguage\":\"es\",\"potentialAction\":[{\"@type\":\"ReadAction\",\"target\":[\"https:\/\/gloriososancarlos.edu.pe\/web\/transparencia-economica\/\"]}]},{\"@type\":\"BreadcrumbList\",\"@id\":\"https:\/\/gloriososancarlos.edu.pe\/web\/transparencia-economica\/#breadcrumb\",\"itemListElement\":[{\"@type\":\"ListItem\",\"position\":1,\"name\":\"Portada\",\"item\":\"https:\/\/gloriososancarlos.edu.pe\/web\/\"},{\"@type\":\"ListItem\",\"position\":2,\"name\":\"TRANSPARENCIA ECON\u00d3MICA\"}]},{\"@type\":\"WebSite\",\"@id\":\"https:\/\/gloriososancarlos.edu.pe\/web\/#website\",\"url\":\"https:\/\/gloriososancarlos.edu.pe\/web\/\",\"name\":\"Instituci\u00f3n Educativa Integrada Glorioso de \\\"San Carlos\\\" - Puno\",\"description\":\"&quot;Un Carolino, Un Caballero&quot;\",\"publisher\":{\"@id\":\"https:\/\/gloriososancarlos.edu.pe\/web\/#organization\"},\"alternateName\":\"Instituci\u00f3n Educativa Integrada Glorioso de &quot;San Carlos&quot; - Puno\",\"potentialAction\":[{\"@type\":\"SearchAction\",\"target\":{\"@type\":\"EntryPoint\",\"urlTemplate\":\"https:\/\/gloriososancarlos.edu.pe\/web\/?s={search_term_string}\"},\"query-input\":{\"@type\":\"PropertyValueSpecification\",\"valueRequired\":true,\"valueName\":\"search_term_string\"}}],\"inLanguage\":\"es\"},{\"@type\":\"Organization\",\"@id\":\"https:\/\/gloriososancarlos.edu.pe\/web\/#organization\",\"name\":\"Instituci\u00f3n Educativa Integrada Glorioso de \\\"San Carlos\\\" - Puno\",\"alternateName\":\"Instituci\u00f3n Educativa Integrada Glorioso de &quot;San Carlos&quot; - Puno\",\"url\":\"https:\/\/gloriososancarlos.edu.pe\/web\/\",\"logo\":{\"@type\":\"ImageObject\",\"inLanguage\":\"es\",\"@id\":\"https:\/\/gloriososancarlos.edu.pe\/web\/#\/schema\/logo\/image\/\",\"url\":\"https:\/\/gloriososancarlos.edu.pe\/web\/wp-content\/uploads\/2025\/05\/PERFILGSCFB.png\",\"contentUrl\":\"https:\/\/gloriososancarlos.edu.pe\/web\/wp-content\/uploads\/2025\/05\/PERFILGSCFB.png\",\"width\":1200,\"height\":1200,\"caption\":\"Instituci\u00f3n Educativa Integrada Glorioso de \\\"San Carlos\\\" - Puno\"},\"image\":{\"@id\":\"https:\/\/gloriososancarlos.edu.pe\/web\/#\/schema\/logo\/image\/\"},\"sameAs\":[\"https:\/\/www.facebook.com\/387193274484203\",\"https:\/\/x.com\/gloriososc_1825\",\"https:\/\/www.tiktok.com\/@gloriosodesancarlospuno\",\"https:\/\/www.youtube.com\/@gloriosodesancarlospuno\"]}]}<\/script>\n<!-- \/ Yoast SEO plugin. -->","yoast_head_json":{"title":"TRANSPARENCIA ECON\u00d3MICA - Instituci\u00f3n Educativa Integrada Glorioso de &quot;San Carlos&quot; - Puno","robots":{"index":"index","follow":"follow","max-snippet":"max-snippet:-1","max-image-preview":"max-image-preview:large","max-video-preview":"max-video-preview:-1"},"canonical":"https:\/\/gloriososancarlos.edu.pe\/web\/transparencia-economica\/","og_locale":"es_ES","og_type":"article","og_title":"TRANSPARENCIA ECON\u00d3MICA - Instituci\u00f3n Educativa Integrada Glorioso de &quot;San Carlos&quot; - Puno","og_description":"Informe Econ\u00f3mico del Periodo: 2024 INFORME-ECONOMICO-2024-FINAL_compressed-1 Informe Econ\u00f3mico del Periodo: 2020 2020 Informe Econ\u00f3mico del Periodo: 2019 2019 Informe Econ\u00f3mico del Periodo: 2018 2018 Informe Econ\u00f3mico del Periodo: 2017 2017","og_url":"https:\/\/gloriososancarlos.edu.pe\/web\/transparencia-economica\/","og_site_name":"Instituci\u00f3n Educativa Integrada Glorioso de &quot;San Carlos&quot; - Puno","article_publisher":"https:\/\/www.facebook.com\/387193274484203","article_modified_time":"2025-04-09T16:26:13+00:00","og_image":[{"width":3544,"height":1312,"url":"https:\/\/gloriososancarlos.edu.pe\/web\/wp-content\/uploads\/2025\/08\/Recuperada_PORTADA_BICENTENARIO-2.png","type":"image\/png"}],"twitter_card":"summary_large_image","twitter_site":"@gloriososc_1825","twitter_misc":{"Est. reading time":"1 minuto"},"schema":{"@context":"https:\/\/schema.org","@graph":[{"@type":"WebPage","@id":"https:\/\/gloriososancarlos.edu.pe\/web\/transparencia-economica\/","url":"https:\/\/gloriososancarlos.edu.pe\/web\/transparencia-economica\/","name":"TRANSPARENCIA ECON\u00d3MICA - Instituci\u00f3n Educativa Integrada Glorioso de &quot;San Carlos&quot; - Puno","isPartOf":{"@id":"https:\/\/gloriososancarlos.edu.pe\/web\/#website"},"datePublished":"2024-01-01T13:08:00+00:00","dateModified":"2025-04-09T16:26:13+00:00","breadcrumb":{"@id":"https:\/\/gloriososancarlos.edu.pe\/web\/transparencia-economica\/#breadcrumb"},"inLanguage":"es","potentialAction":[{"@type":"ReadAction","target":["https:\/\/gloriososancarlos.edu.pe\/web\/transparencia-economica\/"]}]},{"@type":"BreadcrumbList","@id":"https:\/\/gloriososancarlos.edu.pe\/web\/transparencia-economica\/#breadcrumb","itemListElement":[{"@type":"ListItem","position":1,"name":"Portada","item":"https:\/\/gloriososancarlos.edu.pe\/web\/"},{"@type":"ListItem","position":2,"name":"TRANSPARENCIA ECON\u00d3MICA"}]},{"@type":"WebSite","@id":"https:\/\/gloriososancarlos.edu.pe\/web\/#website","url":"https:\/\/gloriososancarlos.edu.pe\/web\/","name":"Instituci\u00f3n Educativa Integrada Glorioso de \"San Carlos\" - Puno","description":"&quot;Un Carolino, Un Caballero&quot;","publisher":{"@id":"https:\/\/gloriososancarlos.edu.pe\/web\/#organization"},"alternateName":"Instituci\u00f3n Educativa Integrada Glorioso de &quot;San Carlos&quot; - Puno","potentialAction":[{"@type":"SearchAction","target":{"@type":"EntryPoint","urlTemplate":"https:\/\/gloriososancarlos.edu.pe\/web\/?s={search_term_string}"},"query-input":{"@type":"PropertyValueSpecification","valueRequired":true,"valueName":"search_term_string"}}],"inLanguage":"es"},{"@type":"Organization","@id":"https:\/\/gloriososancarlos.edu.pe\/web\/#organization","name":"Instituci\u00f3n Educativa Integrada Glorioso de \"San Carlos\" - Puno","alternateName":"Instituci\u00f3n Educativa Integrada Glorioso de &quot;San Carlos&quot; - Puno","url":"https:\/\/gloriososancarlos.edu.pe\/web\/","logo":{"@type":"ImageObject","inLanguage":"es","@id":"https:\/\/gloriososancarlos.edu.pe\/web\/#\/schema\/logo\/image\/","url":"https:\/\/gloriososancarlos.edu.pe\/web\/wp-content\/uploads\/2025\/05\/PERFILGSCFB.png","contentUrl":"https:\/\/gloriososancarlos.edu.pe\/web\/wp-content\/uploads\/2025\/05\/PERFILGSCFB.png","width":1200,"height":1200,"caption":"Instituci\u00f3n Educativa Integrada Glorioso de \"San Carlos\" - Puno"},"image":{"@id":"https:\/\/gloriososancarlos.edu.pe\/web\/#\/schema\/logo\/image\/"},"sameAs":["https:\/\/www.facebook.com\/387193274484203","https:\/\/x.com\/gloriososc_1825","https:\/\/www.tiktok.com\/@gloriosodesancarlospuno","https:\/\/www.youtube.com\/@gloriosodesancarlospuno"]}]}},"_links":{"self":[{"href":"https:\/\/gloriososancarlos.edu.pe\/web\/wp-json\/wp\/v2\/pages\/1548"}],"collection":[{"href":"https:\/\/gloriososancarlos.edu.pe\/web\/wp-json\/wp\/v2\/pages"}],"about":[{"href":"https:\/\/gloriososancarlos.edu.pe\/web\/wp-json\/wp\/v2\/types\/page"}],"author":[{"embeddable":true,"href":"https:\/\/gloriososancarlos.edu.pe\/web\/wp-json\/wp\/v2\/users\/1"}],"replies":[{"embeddable":true,"href":"https:\/\/gloriososancarlos.edu.pe\/web\/wp-json\/wp\/v2\/comments?post=1548"}],"version-history":[{"count":7,"href":"https:\/\/gloriososancarlos.edu.pe\/web\/wp-json\/wp\/v2\/pages\/1548\/revisions"}],"predecessor-version":[{"id":2067,"href":"https:\/\/gloriososancarlos.edu.pe\/web\/wp-json\/wp\/v2\/pages\/1548\/revisions\/2067"}],"wp:attachment":[{"href":"https:\/\/gloriososancarlos.edu.pe\/web\/wp-json\/wp\/v2\/media?parent=1548"}],"curies":[{"name":"wp","href":"https:\/\/api.w.org\/{rel}","templated":true}]}}