{"id":1172,"date":"2024-03-27T13:41:50","date_gmt":"2024-03-27T18:41:50","guid":{"rendered":"https:\/\/gloriososancarlos.edu.pe\/web\/tiehome\/"},"modified":"2026-03-22T20:47:25","modified_gmt":"2026-03-23T01:47:25","slug":"inici","status":"publish","type":"page","link":"https:\/\/gloriososancarlos.edu.pe\/web\/","title":{"rendered":"Inicio"},"content":{"rendered":"","protected":false},"excerpt":{"rendered":"","protected":false},"author":1,"featured_media":0,"parent":0,"menu_order":0,"comment_status":"closed","ping_status":"closed","template":"","meta":{"footnotes":""},"yoast_head":"<!-- This site is optimized with the Yoast SEO plugin v24.1 - https:\/\/yoast.com\/wordpress\/plugins\/seo\/ -->\n<title>Instituci\u00f3n Educativa Integrada Glorioso de &quot;San Carlos&quot; - Puno - &quot;Un Carolino, Un Caballero&quot;<\/title>\n<meta name=\"description\" content=\"La Instituci\u00f3n Educativa Integrada Glorioso Colegio Nacional de &quot;San Carlos&quot; de Puno, es una instituci\u00f3n p\u00fablica que brinda servicios educativos a j\u00f3venes estudiantes, se cre\u00f3 el 7 de agosto de 1825 por el Libertador Sim\u00f3n Bol\u00edvar, por Resoluci\u00f3n Suprema N\u00b0. 311, Forma parte de la comunidad de colegios bolivarianos. \ud83c\udf93 Colegio Bicentenario del Per\u00fa\ud83c\udfeb Antes Colegio de Ciencias y Artes de Puno\ud83c\udfec Hoy Glorioso de &quot;San Carlos&quot; de Puno\ud83d\udcc5 Fundado el 7 de agosto de 1825 en Puno\" \/>\n<meta name=\"robots\" content=\"index, follow, max-snippet:-1, max-image-preview:large, max-video-preview:-1\" \/>\n<link rel=\"canonical\" href=\"https:\/\/gloriososancarlos.edu.pe\/web\/\" \/>\n<meta property=\"og:locale\" content=\"es_ES\" \/>\n<meta property=\"og:type\" content=\"article\" \/>\n<meta property=\"og:title\" content=\"Instituci\u00f3n Educativa Integrada Glorioso de &quot;San Carlos&quot; - Puno - &quot;Un Carolino, Un Caballero&quot;\" \/>\n<meta property=\"og:description\" content=\"La Instituci\u00f3n Educativa Integrada Glorioso Colegio Nacional de &quot;San Carlos&quot; de Puno, es una instituci\u00f3n p\u00fablica que brinda servicios educativos a j\u00f3venes estudiantes, se cre\u00f3 el 7 de agosto de 1825 por el Libertador Sim\u00f3n Bol\u00edvar, por Resoluci\u00f3n Suprema N\u00b0. 311, Forma parte de la comunidad de colegios bolivarianos. \ud83c\udf93 Colegio Bicentenario del Per\u00fa\ud83c\udfeb Antes Colegio de Ciencias y Artes de Puno\ud83c\udfec Hoy Glorioso de &quot;San Carlos&quot; de Puno\ud83d\udcc5 Fundado el 7 de agosto de 1825 en Puno\" \/>\n<meta property=\"og:url\" content=\"https:\/\/gloriososancarlos.edu.pe\/web\/\" \/>\n<meta property=\"og:site_name\" content=\"Instituci\u00f3n Educativa Integrada Glorioso de &quot;San Carlos&quot; - Puno\" \/>\n<meta property=\"article:publisher\" content=\"https:\/\/www.facebook.com\/387193274484203\" \/>\n<meta property=\"article:modified_time\" content=\"2026-03-23T01:47:25+00:00\" \/>\n<meta property=\"og:image\" content=\"https:\/\/gloriososancarlos.edu.pe\/web\/wp-content\/uploads\/2025\/08\/Recuperada_PORTADA_BICENTENARIO-2.png\" \/>\n\t<meta property=\"og:image:width\" content=\"3544\" \/>\n\t<meta property=\"og:image:height\" content=\"1312\" \/>\n\t<meta property=\"og:image:type\" content=\"image\/png\" \/>\n<meta name=\"twitter:card\" content=\"summary_large_image\" \/>\n<meta name=\"twitter:site\" content=\"@gloriososc_1825\" \/>\n<script type=\"application\/ld+json\" class=\"yoast-schema-graph\">{\"@context\":\"https:\/\/schema.org\",\"@graph\":[{\"@type\":\"WebPage\",\"@id\":\"https:\/\/gloriososancarlos.edu.pe\/web\/\",\"url\":\"https:\/\/gloriososancarlos.edu.pe\/web\/\",\"name\":\"Instituci\u00f3n Educativa Integrada Glorioso de &quot;San Carlos&quot; - Puno - &quot;Un Carolino, Un Caballero&quot;\",\"isPartOf\":{\"@id\":\"https:\/\/gloriososancarlos.edu.pe\/web\/#website\"},\"datePublished\":\"2024-03-27T18:41:50+00:00\",\"dateModified\":\"2026-03-23T01:47:25+00:00\",\"description\":\"La Instituci\u00f3n Educativa Integrada Glorioso Colegio Nacional de \\\"San Carlos\\\" de Puno, es una instituci\u00f3n p\u00fablica que brinda servicios educativos a j\u00f3venes estudiantes, se cre\u00f3 el 7 de agosto de 1825 por el Libertador Sim\u00f3n Bol\u00edvar, por Resoluci\u00f3n Suprema N\u00b0. 311, Forma parte de la comunidad de colegios bolivarianos. \ud83c\udf93 Colegio Bicentenario del Per\u00fa\ud83c\udfeb Antes Colegio de Ciencias y Artes de Puno\ud83c\udfec Hoy Glorioso de \\\"San Carlos\\\" de Puno\ud83d\udcc5 Fundado el 7 de agosto de 1825 en Puno\",\"breadcrumb\":{\"@id\":\"https:\/\/gloriososancarlos.edu.pe\/web\/#breadcrumb\"},\"inLanguage\":\"es\",\"potentialAction\":[{\"@type\":\"ReadAction\",\"target\":[\"https:\/\/gloriososancarlos.edu.pe\/web\/\"]}]},{\"@type\":\"BreadcrumbList\",\"@id\":\"https:\/\/gloriososancarlos.edu.pe\/web\/#breadcrumb\",\"itemListElement\":[{\"@type\":\"ListItem\",\"position\":1,\"name\":\"Portada\",\"item\":\"https:\/\/gloriososancarlos.edu.pe\/web\/\"},{\"@type\":\"ListItem\",\"position\":2,\"name\":\"Inicio\"}]},{\"@type\":\"WebSite\",\"@id\":\"https:\/\/gloriososancarlos.edu.pe\/web\/#website\",\"url\":\"https:\/\/gloriososancarlos.edu.pe\/web\/\",\"name\":\"Instituci\u00f3n Educativa Integrada Glorioso de \\\"San Carlos\\\" - Puno\",\"description\":\"&quot;Un Carolino, Un Caballero&quot;\",\"publisher\":{\"@id\":\"https:\/\/gloriososancarlos.edu.pe\/web\/#organization\"},\"alternateName\":\"Instituci\u00f3n Educativa Integrada Glorioso de &quot;San Carlos&quot; - Puno\",\"potentialAction\":[{\"@type\":\"SearchAction\",\"target\":{\"@type\":\"EntryPoint\",\"urlTemplate\":\"https:\/\/gloriososancarlos.edu.pe\/web\/?s={search_term_string}\"},\"query-input\":{\"@type\":\"PropertyValueSpecification\",\"valueRequired\":true,\"valueName\":\"search_term_string\"}}],\"inLanguage\":\"es\"},{\"@type\":\"Organization\",\"@id\":\"https:\/\/gloriososancarlos.edu.pe\/web\/#organization\",\"name\":\"Instituci\u00f3n Educativa Integrada Glorioso de \\\"San Carlos\\\" - Puno\",\"alternateName\":\"Instituci\u00f3n Educativa Integrada Glorioso de &quot;San Carlos&quot; - Puno\",\"url\":\"https:\/\/gloriososancarlos.edu.pe\/web\/\",\"logo\":{\"@type\":\"ImageObject\",\"inLanguage\":\"es\",\"@id\":\"https:\/\/gloriososancarlos.edu.pe\/web\/#\/schema\/logo\/image\/\",\"url\":\"https:\/\/gloriososancarlos.edu.pe\/web\/wp-content\/uploads\/2025\/05\/PERFILGSCFB.png\",\"contentUrl\":\"https:\/\/gloriososancarlos.edu.pe\/web\/wp-content\/uploads\/2025\/05\/PERFILGSCFB.png\",\"width\":1200,\"height\":1200,\"caption\":\"Instituci\u00f3n Educativa Integrada Glorioso de \\\"San Carlos\\\" - Puno\"},\"image\":{\"@id\":\"https:\/\/gloriososancarlos.edu.pe\/web\/#\/schema\/logo\/image\/\"},\"sameAs\":[\"https:\/\/www.facebook.com\/387193274484203\",\"https:\/\/x.com\/gloriososc_1825\",\"https:\/\/www.tiktok.com\/@gloriosodesancarlospuno\",\"https:\/\/www.youtube.com\/@gloriosodesancarlospuno\"]}]}<\/script>\n<!-- \/ Yoast SEO plugin. -->","yoast_head_json":{"title":"Instituci\u00f3n Educativa Integrada Glorioso de &quot;San Carlos&quot; - Puno - &quot;Un Carolino, Un Caballero&quot;","description":"La Instituci\u00f3n Educativa Integrada Glorioso Colegio Nacional de \"San Carlos\" de Puno, es una instituci\u00f3n p\u00fablica que brinda servicios educativos a j\u00f3venes estudiantes, se cre\u00f3 el 7 de agosto de 1825 por el Libertador Sim\u00f3n Bol\u00edvar, por Resoluci\u00f3n Suprema N\u00b0. 311, Forma parte de la comunidad de colegios bolivarianos. \ud83c\udf93 Colegio Bicentenario del Per\u00fa\ud83c\udfeb Antes Colegio de Ciencias y Artes de Puno\ud83c\udfec Hoy Glorioso de \"San Carlos\" de Puno\ud83d\udcc5 Fundado el 7 de agosto de 1825 en Puno","robots":{"index":"index","follow":"follow","max-snippet":"max-snippet:-1","max-image-preview":"max-image-preview:large","max-video-preview":"max-video-preview:-1"},"canonical":"https:\/\/gloriososancarlos.edu.pe\/web\/","og_locale":"es_ES","og_type":"article","og_title":"Instituci\u00f3n Educativa Integrada Glorioso de &quot;San Carlos&quot; - Puno - &quot;Un Carolino, Un Caballero&quot;","og_description":"La Instituci\u00f3n Educativa Integrada Glorioso Colegio Nacional de \"San Carlos\" de Puno, es una instituci\u00f3n p\u00fablica que brinda servicios educativos a j\u00f3venes estudiantes, se cre\u00f3 el 7 de agosto de 1825 por el Libertador Sim\u00f3n Bol\u00edvar, por Resoluci\u00f3n Suprema N\u00b0. 311, Forma parte de la comunidad de colegios bolivarianos. \ud83c\udf93 Colegio Bicentenario del Per\u00fa\ud83c\udfeb Antes Colegio de Ciencias y Artes de Puno\ud83c\udfec Hoy Glorioso de \"San Carlos\" de Puno\ud83d\udcc5 Fundado el 7 de agosto de 1825 en Puno","og_url":"https:\/\/gloriososancarlos.edu.pe\/web\/","og_site_name":"Instituci\u00f3n Educativa Integrada Glorioso de &quot;San Carlos&quot; - Puno","article_publisher":"https:\/\/www.facebook.com\/387193274484203","article_modified_time":"2026-03-23T01:47:25+00:00","og_image":[{"width":3544,"height":1312,"url":"https:\/\/gloriososancarlos.edu.pe\/web\/wp-content\/uploads\/2025\/08\/Recuperada_PORTADA_BICENTENARIO-2.png","type":"image\/png"}],"twitter_card":"summary_large_image","twitter_site":"@gloriososc_1825","schema":{"@context":"https:\/\/schema.org","@graph":[{"@type":"WebPage","@id":"https:\/\/gloriososancarlos.edu.pe\/web\/","url":"https:\/\/gloriososancarlos.edu.pe\/web\/","name":"Instituci\u00f3n Educativa Integrada Glorioso de &quot;San Carlos&quot; - Puno - &quot;Un Carolino, Un Caballero&quot;","isPartOf":{"@id":"https:\/\/gloriososancarlos.edu.pe\/web\/#website"},"datePublished":"2024-03-27T18:41:50+00:00","dateModified":"2026-03-23T01:47:25+00:00","description":"La Instituci\u00f3n Educativa Integrada Glorioso Colegio Nacional de \"San Carlos\" de Puno, es una instituci\u00f3n p\u00fablica que brinda servicios educativos a j\u00f3venes estudiantes, se cre\u00f3 el 7 de agosto de 1825 por el Libertador Sim\u00f3n Bol\u00edvar, por Resoluci\u00f3n Suprema N\u00b0. 311, Forma parte de la comunidad de colegios bolivarianos. \ud83c\udf93 Colegio Bicentenario del Per\u00fa\ud83c\udfeb Antes Colegio de Ciencias y Artes de Puno\ud83c\udfec Hoy Glorioso de \"San Carlos\" de Puno\ud83d\udcc5 Fundado el 7 de agosto de 1825 en Puno","breadcrumb":{"@id":"https:\/\/gloriososancarlos.edu.pe\/web\/#breadcrumb"},"inLanguage":"es","potentialAction":[{"@type":"ReadAction","target":["https:\/\/gloriososancarlos.edu.pe\/web\/"]}]},{"@type":"BreadcrumbList","@id":"https:\/\/gloriososancarlos.edu.pe\/web\/#breadcrumb","itemListElement":[{"@type":"ListItem","position":1,"name":"Portada","item":"https:\/\/gloriososancarlos.edu.pe\/web\/"},{"@type":"ListItem","position":2,"name":"Inicio"}]},{"@type":"WebSite","@id":"https:\/\/gloriososancarlos.edu.pe\/web\/#website","url":"https:\/\/gloriososancarlos.edu.pe\/web\/","name":"Instituci\u00f3n Educativa Integrada Glorioso de \"San Carlos\" - Puno","description":"&quot;Un Carolino, Un Caballero&quot;","publisher":{"@id":"https:\/\/gloriososancarlos.edu.pe\/web\/#organization"},"alternateName":"Instituci\u00f3n Educativa Integrada Glorioso de &quot;San Carlos&quot; - Puno","potentialAction":[{"@type":"SearchAction","target":{"@type":"EntryPoint","urlTemplate":"https:\/\/gloriososancarlos.edu.pe\/web\/?s={search_term_string}"},"query-input":{"@type":"PropertyValueSpecification","valueRequired":true,"valueName":"search_term_string"}}],"inLanguage":"es"},{"@type":"Organization","@id":"https:\/\/gloriososancarlos.edu.pe\/web\/#organization","name":"Instituci\u00f3n Educativa Integrada Glorioso de \"San Carlos\" - Puno","alternateName":"Instituci\u00f3n Educativa Integrada Glorioso de &quot;San Carlos&quot; - Puno","url":"https:\/\/gloriososancarlos.edu.pe\/web\/","logo":{"@type":"ImageObject","inLanguage":"es","@id":"https:\/\/gloriososancarlos.edu.pe\/web\/#\/schema\/logo\/image\/","url":"https:\/\/gloriososancarlos.edu.pe\/web\/wp-content\/uploads\/2025\/05\/PERFILGSCFB.png","contentUrl":"https:\/\/gloriososancarlos.edu.pe\/web\/wp-content\/uploads\/2025\/05\/PERFILGSCFB.png","width":1200,"height":1200,"caption":"Instituci\u00f3n Educativa Integrada Glorioso de \"San Carlos\" - Puno"},"image":{"@id":"https:\/\/gloriososancarlos.edu.pe\/web\/#\/schema\/logo\/image\/"},"sameAs":["https:\/\/www.facebook.com\/387193274484203","https:\/\/x.com\/gloriososc_1825","https:\/\/www.tiktok.com\/@gloriosodesancarlospuno","https:\/\/www.youtube.com\/@gloriosodesancarlospuno"]}]}},"_links":{"self":[{"href":"https:\/\/gloriososancarlos.edu.pe\/web\/wp-json\/wp\/v2\/pages\/1172"}],"collection":[{"href":"https:\/\/gloriososancarlos.edu.pe\/web\/wp-json\/wp\/v2\/pages"}],"about":[{"href":"https:\/\/gloriososancarlos.edu.pe\/web\/wp-json\/wp\/v2\/types\/page"}],"author":[{"embeddable":true,"href":"https:\/\/gloriososancarlos.edu.pe\/web\/wp-json\/wp\/v2\/users\/1"}],"replies":[{"embeddable":true,"href":"https:\/\/gloriososancarlos.edu.pe\/web\/wp-json\/wp\/v2\/comments?post=1172"}],"version-history":[{"count":23,"href":"https:\/\/gloriososancarlos.edu.pe\/web\/wp-json\/wp\/v2\/pages\/1172\/revisions"}],"predecessor-version":[{"id":2260,"href":"https:\/\/gloriososancarlos.edu.pe\/web\/wp-json\/wp\/v2\/pages\/1172\/revisions\/2260"}],"wp:attachment":[{"href":"https:\/\/gloriososancarlos.edu.pe\/web\/wp-json\/wp\/v2\/media?parent=1172"}],"curies":[{"name":"wp","href":"https:\/\/api.w.org\/{rel}","templated":true}]}}